{"id":762,"date":"2026-02-26T19:42:08","date_gmt":"2026-02-26T19:42:08","guid":{"rendered":"http:\/\/mim.test\/events-2\/"},"modified":"2026-04-01T13:18:18","modified_gmt":"2026-04-01T13:18:18","slug":"evenemang-2","status":"publish","type":"page","link":"https:\/\/mittimaglehem.se\/en\/evenemang-2\/","title":{"rendered":"Events"},"content":{"rendered":"<div data-elementor-type=\"wp-page\" data-elementor-id=\"762\" class=\"elementor elementor-762\" data-elementor-post-type=\"page\">\n\t\t\t\t<div class=\"elementor-element elementor-element-f63ad56 e-flex e-con-boxed e-con e-parent\" data-id=\"f63ad56\" data-element_type=\"container\" data-e-type=\"container\">\n\t\t\t\t\t<div class=\"e-con-inner\">\n\t\t\t\t<div class=\"elementor-element elementor-element-ecbeee2 elementor-widget elementor-widget-spacer\" data-id=\"ecbeee2\" data-element_type=\"widget\" data-e-type=\"widget\" data-widget_type=\"spacer.default\">\n\t\t\t\t<div class=\"elementor-widget-container\">\n\t\t\t\t\t\t\t<div class=\"elementor-spacer\">\n\t\t\t<div class=\"elementor-spacer-inner\"><\/div>\n\t\t<\/div>\n\t\t\t\t\t\t<\/div>\n\t\t\t\t<\/div>\n\t\t\t\t\t<\/div>\n\t\t\t\t<\/div>\n\t\t<div class=\"elementor-element elementor-element-688ddcf8 e-flex e-con-boxed e-con e-parent\" data-id=\"688ddcf8\" data-element_type=\"container\" data-e-type=\"container\">\n\t\t\t\t\t<div class=\"e-con-inner\">\n\t\t\t\t<div class=\"elementor-element elementor-element-13917924 elementor-widget elementor-widget-text-editor\" data-id=\"13917924\" data-element_type=\"widget\" data-e-type=\"widget\" data-widget_type=\"text-editor.default\">\n\t\t\t\t<div class=\"elementor-widget-container\">\n\t\t\t\t\t\t\t\t\tCONTENTS\t\t\t\t\t\t\t\t<\/div>\n\t\t\t\t<\/div>\n\t\t\t\t\t<\/div>\n\t\t\t\t<\/div>\n\t\t<div class=\"elementor-element elementor-element-0f480bb e-flex e-con-boxed e-con e-parent\" data-id=\"0f480bb\" data-element_type=\"container\" data-e-type=\"container\">\n\t\t\t\t\t<div class=\"e-con-inner\">\n\t\t\t\t<div class=\"elementor-element elementor-element-222063d elementor-align-center elementor-widget elementor-widget-button\" data-id=\"222063d\" data-element_type=\"widget\" data-e-type=\"widget\" data-widget_type=\"button.default\">\n\t\t\t\t<div class=\"elementor-widget-container\">\n\t\t\t\t\t\t\t\t\t<div class=\"elementor-button-wrapper\">\n\t\t\t\t\t<a class=\"elementor-button elementor-button-link elementor-size-sm\" href=\"https:\/\/mittimaglehem.se\/en\/evenemangsarkiv\/\">\n\t\t\t\t\t\t<span class=\"elementor-button-content-wrapper\">\n\t\t\t\t\t\t\t\t\t<span class=\"elementor-button-text\">se tidigare event<\/span>\n\t\t\t\t\t<\/span>\n\t\t\t\t\t<\/a>\n\t\t\t\t<\/div>\n\t\t\t\t\t\t\t\t<\/div>\n\t\t\t\t<\/div>\n\t\t\t\t\t<\/div>\n\t\t\t\t<\/div>\n\t\t<div class=\"elementor-element elementor-element-74c2c2b e-flex e-con-boxed e-con e-parent\" data-id=\"74c2c2b\" data-element_type=\"container\" data-e-type=\"container\">\n\t\t\t\t\t<div class=\"e-con-inner\">\n\t\t\t\t<div class=\"elementor-element elementor-element-3a246d8 elementor-widget elementor-widget-spacer\" data-id=\"3a246d8\" data-element_type=\"widget\" data-e-type=\"widget\" data-widget_type=\"spacer.default\">\n\t\t\t\t<div class=\"elementor-widget-container\">\n\t\t\t\t\t\t\t<div class=\"elementor-spacer\">\n\t\t\t<div class=\"elementor-spacer-inner\"><\/div>\n\t\t<\/div>\n\t\t\t\t\t\t<\/div>\n\t\t\t\t<\/div>\n\t\t\t\t\t<\/div>\n\t\t\t\t<\/div>\n\t\t\t\t<\/div>","protected":false},"excerpt":{"rendered":"<p>CONTENTS<\/p>","protected":false},"author":1,"featured_media":969,"parent":0,"menu_order":0,"comment_status":"closed","ping_status":"closed","template":"elementor_header_footer","meta":{"site-sidebar-layout":"default","site-content-layout":"","ast-site-content-layout":"default","site-content-style":"default","site-sidebar-style":"default","ast-global-header-display":"","ast-banner-title-visibility":"","ast-main-header-display":"","ast-hfb-above-header-display":"","ast-hfb-below-header-display":"","ast-hfb-mobile-header-display":"","site-post-title":"","ast-breadcrumbs-content":"","ast-featured-img":"","footer-sml-layout":"","ast-disable-related-posts":"","theme-transparent-header-meta":"","adv-header-id-meta":"","stick-header-meta":"","header-above-stick-meta":"","header-main-stick-meta":"","header-below-stick-meta":"","astra-migrate-meta-layouts":"set","ast-page-background-enabled":"default","ast-page-background-meta":{"desktop":{"background-color":"","background-image":"","background-repeat":"repeat","background-position":"center center","background-size":"auto","background-attachment":"scroll","background-type":"","background-media":"","overlay-type":"","overlay-color":"","overlay-opacity":"","overlay-gradient":""},"tablet":{"background-color":"","background-image":"","background-repeat":"repeat","background-position":"center center","background-size":"auto","background-attachment":"scroll","background-type":"","background-media":"","overlay-type":"","overlay-color":"","overlay-opacity":"","overlay-gradient":""},"mobile":{"background-color":"","background-image":"","background-repeat":"repeat","background-position":"center center","background-size":"auto","background-attachment":"scroll","background-type":"","background-media":"","overlay-type":"","overlay-color":"","overlay-opacity":"","overlay-gradient":""}},"ast-content-background-meta":{"desktop":{"background-color":"var(--ast-global-color-5)","background-image":"","background-repeat":"repeat","background-position":"center center","background-size":"auto","background-attachment":"scroll","background-type":"","background-media":"","overlay-type":"","overlay-color":"","overlay-opacity":"","overlay-gradient":""},"tablet":{"background-color":"var(--ast-global-color-5)","background-image":"","background-repeat":"repeat","background-position":"center center","background-size":"auto","background-attachment":"scroll","background-type":"","background-media":"","overlay-type":"","overlay-color":"","overlay-opacity":"","overlay-gradient":""},"mobile":{"background-color":"var(--ast-global-color-5)","background-image":"","background-repeat":"repeat","background-position":"center center","background-size":"auto","background-attachment":"scroll","background-type":"","background-media":"","overlay-type":"","overlay-color":"","overlay-opacity":"","overlay-gradient":""}},"footnotes":""},"class_list":["post-762","page","type-page","status-publish","has-post-thumbnail","hentry"],"yoast_head":"<!-- This site is optimized with the Yoast SEO plugin v27.3 - https:\/\/yoast.com\/product\/yoast-seo-wordpress\/ -->\n<title>Evenemang i Maglehem \u2013 Konst och musik p\u00e5 MITTIMAGLEHEM<\/title>\n<meta name=\"description\" content=\"Uppt\u00e4ck evenemang i Maglehem hos MITTIMAGLEHEM. Ta del av konst, musik, samtal och m\u00f6ten i v\u00e5rt levande art space p\u00e5 \u00d6sterlen.\" \/>\n<meta name=\"robots\" content=\"index, follow, max-snippet:-1, max-image-preview:large, max-video-preview:-1\" \/>\n<link rel=\"canonical\" href=\"https:\/\/mittimaglehem.se\/en\/evenemang-2\/\" \/>\n<meta property=\"og:locale\" content=\"en_GB\" \/>\n<meta property=\"og:type\" content=\"article\" \/>\n<meta property=\"og:title\" content=\"Evenemang i Maglehem \u2013 Konst och musik p\u00e5 MITTIMAGLEHEM\" \/>\n<meta property=\"og:description\" content=\"Uppt\u00e4ck evenemang i Maglehem hos MITTIMAGLEHEM. Ta del av konst, musik, samtal och m\u00f6ten i v\u00e5rt levande art space p\u00e5 \u00d6sterlen.\" \/>\n<meta property=\"og:url\" content=\"https:\/\/mittimaglehem.se\/en\/evenemang-2\/\" \/>\n<meta property=\"og:site_name\" content=\"MITTIMAGLEHEM\" \/>\n<meta property=\"article:modified_time\" content=\"2026-04-01T13:18:18+00:00\" \/>\n<meta property=\"og:image\" content=\"https:\/\/mittimaglehem.se\/wp-content\/uploads\/2026\/03\/byggnad-2400.jpg\" \/>\n\t<meta property=\"og:image:width\" content=\"2048\" \/>\n\t<meta property=\"og:image:height\" content=\"1365\" \/>\n\t<meta property=\"og:image:type\" content=\"image\/jpeg\" \/>\n<meta name=\"twitter:card\" content=\"summary_large_image\" \/>\n<meta name=\"twitter:label1\" content=\"Estimated reading time\" \/>\n\t<meta name=\"twitter:data1\" content=\"1 minute\" \/>\n<script type=\"application\/ld+json\" class=\"yoast-schema-graph\">{\"@context\":\"https:\\\/\\\/schema.org\",\"@graph\":[{\"@type\":\"WebPage\",\"@id\":\"https:\\\/\\\/mittimaglehem.se\\\/evenemang-2\\\/\",\"url\":\"https:\\\/\\\/mittimaglehem.se\\\/evenemang-2\\\/\",\"name\":\"Evenemang i Maglehem \u2013 Konst och musik p\u00e5 MITTIMAGLEHEM\",\"isPartOf\":{\"@id\":\"https:\\\/\\\/mittimaglehem.se\\\/#website\"},\"primaryImageOfPage\":{\"@id\":\"https:\\\/\\\/mittimaglehem.se\\\/evenemang-2\\\/#primaryimage\"},\"image\":{\"@id\":\"https:\\\/\\\/mittimaglehem.se\\\/evenemang-2\\\/#primaryimage\"},\"thumbnailUrl\":\"https:\\\/\\\/mittimaglehem.se\\\/wp-content\\\/uploads\\\/2026\\\/03\\\/byggnad-2400.jpg\",\"datePublished\":\"2026-02-26T19:42:08+00:00\",\"dateModified\":\"2026-04-01T13:18:18+00:00\",\"description\":\"Uppt\u00e4ck evenemang i Maglehem hos MITTIMAGLEHEM. Ta del av konst, musik, samtal och m\u00f6ten i v\u00e5rt levande art space p\u00e5 \u00d6sterlen.\",\"breadcrumb\":{\"@id\":\"https:\\\/\\\/mittimaglehem.se\\\/evenemang-2\\\/#breadcrumb\"},\"inLanguage\":\"en-GB\",\"potentialAction\":[{\"@type\":\"ReadAction\",\"target\":[\"https:\\\/\\\/mittimaglehem.se\\\/evenemang-2\\\/\"]}]},{\"@type\":\"ImageObject\",\"inLanguage\":\"en-GB\",\"@id\":\"https:\\\/\\\/mittimaglehem.se\\\/evenemang-2\\\/#primaryimage\",\"url\":\"https:\\\/\\\/mittimaglehem.se\\\/wp-content\\\/uploads\\\/2026\\\/03\\\/byggnad-2400.jpg\",\"contentUrl\":\"https:\\\/\\\/mittimaglehem.se\\\/wp-content\\\/uploads\\\/2026\\\/03\\\/byggnad-2400.jpg\",\"width\":2048,\"height\":1365,\"caption\":\"byggnad 2400\"},{\"@type\":\"BreadcrumbList\",\"@id\":\"https:\\\/\\\/mittimaglehem.se\\\/evenemang-2\\\/#breadcrumb\",\"itemListElement\":[{\"@type\":\"ListItem\",\"position\":1,\"name\":\"Hem\",\"item\":\"https:\\\/\\\/mittimaglehem.se\\\/\"},{\"@type\":\"ListItem\",\"position\":2,\"name\":\"Evenemang\"}]},{\"@type\":\"WebSite\",\"@id\":\"https:\\\/\\\/mittimaglehem.se\\\/#website\",\"url\":\"https:\\\/\\\/mittimaglehem.se\\\/\",\"name\":\"MITTIMAGLEHEM\",\"description\":\"\",\"publisher\":{\"@id\":\"https:\\\/\\\/mittimaglehem.se\\\/#organization\"},\"potentialAction\":[{\"@type\":\"SearchAction\",\"target\":{\"@type\":\"EntryPoint\",\"urlTemplate\":\"https:\\\/\\\/mittimaglehem.se\\\/?s={search_term_string}\"},\"query-input\":{\"@type\":\"PropertyValueSpecification\",\"valueRequired\":true,\"valueName\":\"search_term_string\"}}],\"inLanguage\":\"en-GB\"},{\"@type\":\"Organization\",\"@id\":\"https:\\\/\\\/mittimaglehem.se\\\/#organization\",\"name\":\"MITTIMAGLEHEM\",\"url\":\"https:\\\/\\\/mittimaglehem.se\\\/\",\"logo\":{\"@type\":\"ImageObject\",\"inLanguage\":\"en-GB\",\"@id\":\"https:\\\/\\\/mittimaglehem.se\\\/#\\\/schema\\\/logo\\\/image\\\/\",\"url\":\"https:\\\/\\\/mittimaglehem.se\\\/wp-content\\\/uploads\\\/2026\\\/02\\\/cropped-Logo-farg-1-1.png\",\"contentUrl\":\"https:\\\/\\\/mittimaglehem.se\\\/wp-content\\\/uploads\\\/2026\\\/02\\\/cropped-Logo-farg-1-1.png\",\"width\":1918,\"height\":1080,\"caption\":\"MITTIMAGLEHEM\"},\"image\":{\"@id\":\"https:\\\/\\\/mittimaglehem.se\\\/#\\\/schema\\\/logo\\\/image\\\/\"}}]}<\/script>\n<!-- \/ Yoast SEO plugin. -->","yoast_head_json":{"title":"Evenemang i Maglehem \u2013 Konst och musik p\u00e5 MITTIMAGLEHEM","description":"Uppt\u00e4ck evenemang i Maglehem hos MITTIMAGLEHEM. Ta del av konst, musik, samtal och m\u00f6ten i v\u00e5rt levande art space p\u00e5 \u00d6sterlen.","robots":{"index":"index","follow":"follow","max-snippet":"max-snippet:-1","max-image-preview":"max-image-preview:large","max-video-preview":"max-video-preview:-1"},"canonical":"https:\/\/mittimaglehem.se\/en\/evenemang-2\/","og_locale":"en_GB","og_type":"article","og_title":"Evenemang i Maglehem \u2013 Konst och musik p\u00e5 MITTIMAGLEHEM","og_description":"Uppt\u00e4ck evenemang i Maglehem hos MITTIMAGLEHEM. Ta del av konst, musik, samtal och m\u00f6ten i v\u00e5rt levande art space p\u00e5 \u00d6sterlen.","og_url":"https:\/\/mittimaglehem.se\/en\/evenemang-2\/","og_site_name":"MITTIMAGLEHEM","article_modified_time":"2026-04-01T13:18:18+00:00","og_image":[{"width":2048,"height":1365,"url":"https:\/\/mittimaglehem.se\/wp-content\/uploads\/2026\/03\/byggnad-2400.jpg","type":"image\/jpeg"}],"twitter_card":"summary_large_image","twitter_misc":{"Estimated reading time":"1 minute"},"schema":{"@context":"https:\/\/schema.org","@graph":[{"@type":"WebPage","@id":"https:\/\/mittimaglehem.se\/evenemang-2\/","url":"https:\/\/mittimaglehem.se\/evenemang-2\/","name":"Evenemang i Maglehem \u2013 Konst och musik p\u00e5 MITTIMAGLEHEM","isPartOf":{"@id":"https:\/\/mittimaglehem.se\/#website"},"primaryImageOfPage":{"@id":"https:\/\/mittimaglehem.se\/evenemang-2\/#primaryimage"},"image":{"@id":"https:\/\/mittimaglehem.se\/evenemang-2\/#primaryimage"},"thumbnailUrl":"https:\/\/mittimaglehem.se\/wp-content\/uploads\/2026\/03\/byggnad-2400.jpg","datePublished":"2026-02-26T19:42:08+00:00","dateModified":"2026-04-01T13:18:18+00:00","description":"Uppt\u00e4ck evenemang i Maglehem hos MITTIMAGLEHEM. Ta del av konst, musik, samtal och m\u00f6ten i v\u00e5rt levande art space p\u00e5 \u00d6sterlen.","breadcrumb":{"@id":"https:\/\/mittimaglehem.se\/evenemang-2\/#breadcrumb"},"inLanguage":"en-GB","potentialAction":[{"@type":"ReadAction","target":["https:\/\/mittimaglehem.se\/evenemang-2\/"]}]},{"@type":"ImageObject","inLanguage":"en-GB","@id":"https:\/\/mittimaglehem.se\/evenemang-2\/#primaryimage","url":"https:\/\/mittimaglehem.se\/wp-content\/uploads\/2026\/03\/byggnad-2400.jpg","contentUrl":"https:\/\/mittimaglehem.se\/wp-content\/uploads\/2026\/03\/byggnad-2400.jpg","width":2048,"height":1365,"caption":"byggnad 2400"},{"@type":"BreadcrumbList","@id":"https:\/\/mittimaglehem.se\/evenemang-2\/#breadcrumb","itemListElement":[{"@type":"ListItem","position":1,"name":"Hem","item":"https:\/\/mittimaglehem.se\/"},{"@type":"ListItem","position":2,"name":"Evenemang"}]},{"@type":"WebSite","@id":"https:\/\/mittimaglehem.se\/#website","url":"https:\/\/mittimaglehem.se\/","name":"MITTIMAGLEHEM","description":"","publisher":{"@id":"https:\/\/mittimaglehem.se\/#organization"},"potentialAction":[{"@type":"SearchAction","target":{"@type":"EntryPoint","urlTemplate":"https:\/\/mittimaglehem.se\/?s={search_term_string}"},"query-input":{"@type":"PropertyValueSpecification","valueRequired":true,"valueName":"search_term_string"}}],"inLanguage":"en-GB"},{"@type":"Organization","@id":"https:\/\/mittimaglehem.se\/#organization","name":"MITTIMAGLEHEM","url":"https:\/\/mittimaglehem.se\/","logo":{"@type":"ImageObject","inLanguage":"en-GB","@id":"https:\/\/mittimaglehem.se\/#\/schema\/logo\/image\/","url":"https:\/\/mittimaglehem.se\/wp-content\/uploads\/2026\/02\/cropped-Logo-farg-1-1.png","contentUrl":"https:\/\/mittimaglehem.se\/wp-content\/uploads\/2026\/02\/cropped-Logo-farg-1-1.png","width":1918,"height":1080,"caption":"MITTIMAGLEHEM"},"image":{"@id":"https:\/\/mittimaglehem.se\/#\/schema\/logo\/image\/"}}]}},"_links":{"self":[{"href":"https:\/\/mittimaglehem.se\/en\/wp-json\/wp\/v2\/pages\/762","targetHints":{"allow":["GET"]}}],"collection":[{"href":"https:\/\/mittimaglehem.se\/en\/wp-json\/wp\/v2\/pages"}],"about":[{"href":"https:\/\/mittimaglehem.se\/en\/wp-json\/wp\/v2\/types\/page"}],"author":[{"embeddable":true,"href":"https:\/\/mittimaglehem.se\/en\/wp-json\/wp\/v2\/users\/1"}],"replies":[{"embeddable":true,"href":"https:\/\/mittimaglehem.se\/en\/wp-json\/wp\/v2\/comments?post=762"}],"version-history":[{"count":20,"href":"https:\/\/mittimaglehem.se\/en\/wp-json\/wp\/v2\/pages\/762\/revisions"}],"predecessor-version":[{"id":1468,"href":"https:\/\/mittimaglehem.se\/en\/wp-json\/wp\/v2\/pages\/762\/revisions\/1468"}],"wp:featuredmedia":[{"embeddable":true,"href":"https:\/\/mittimaglehem.se\/en\/wp-json\/wp\/v2\/media\/969"}],"wp:attachment":[{"href":"https:\/\/mittimaglehem.se\/en\/wp-json\/wp\/v2\/media?parent=762"}],"curies":[{"name":"wp","href":"https:\/\/api.w.org\/{rel}","templated":true}]}}