{"id":1377,"date":"2026-03-25T10:03:41","date_gmt":"2026-03-25T10:03:41","guid":{"rendered":"https:\/\/mittimaglehem.se\/?page_id=1377"},"modified":"2026-04-01T13:31:48","modified_gmt":"2026-04-01T13:31:48","slug":"om-oss","status":"publish","type":"page","link":"https:\/\/mittimaglehem.se\/en\/om-oss\/","title":{"rendered":"About us"},"content":{"rendered":"<div data-elementor-type=\"wp-page\" data-elementor-id=\"1377\" class=\"elementor elementor-1377\" data-elementor-post-type=\"page\">\n\t\t\t\t<div class=\"elementor-element elementor-element-7a844549 e-flex e-con-boxed e-con e-parent\" data-id=\"7a844549\" data-element_type=\"container\" data-e-type=\"container\" data-settings=\"{&quot;background_background&quot;:&quot;classic&quot;}\">\n\t\t\t\t\t<div class=\"e-con-inner\">\n\t\t<div class=\"elementor-element elementor-element-42b254d3 e-con-full e-flex e-con e-child\" data-id=\"42b254d3\" data-element_type=\"container\" data-e-type=\"container\">\n\t\t\t\t<div class=\"elementor-element elementor-element-148aeb1a elementor-widget elementor-widget-heading\" data-id=\"148aeb1a\" data-element_type=\"widget\" data-e-type=\"widget\" data-widget_type=\"heading.default\">\n\t\t\t\t<div class=\"elementor-widget-container\">\n\t\t\t\t\t<h6 class=\"elementor-heading-title elementor-size-default\">A few words<\/h6>\t\t\t\t<\/div>\n\t\t\t\t<\/div>\n\t\t\t\t<div class=\"elementor-element elementor-element-2ac04d5f elementor-widget elementor-widget-heading\" data-id=\"2ac04d5f\" data-element_type=\"widget\" data-e-type=\"widget\" data-widget_type=\"heading.default\">\n\t\t\t\t<div class=\"elementor-widget-container\">\n\t\t\t\t\t<h1 class=\"elementor-heading-title elementor-size-default\">About us<\/h1>\t\t\t\t<\/div>\n\t\t\t\t<\/div>\n\t\t\t\t<\/div>\n\t\t\t\t\t<\/div>\n\t\t\t\t<\/div>\n\t\t<div class=\"elementor-element elementor-element-57aa7bf2 e-flex e-con-boxed e-con e-parent\" data-id=\"57aa7bf2\" data-element_type=\"container\" data-e-type=\"container\" data-settings=\"{&quot;background_background&quot;:&quot;classic&quot;}\">\n\t\t\t\t\t<div class=\"e-con-inner\">\n\t\t<div class=\"elementor-element elementor-element-5375aa5c e-con-full e-flex e-con e-child\" data-id=\"5375aa5c\" data-element_type=\"container\" data-e-type=\"container\">\n\t\t\t\t<div class=\"elementor-element elementor-element-397fb79a elementor-widget elementor-widget-heading\" data-id=\"397fb79a\" data-element_type=\"widget\" data-e-type=\"widget\" data-widget_type=\"heading.default\">\n\t\t\t\t<div class=\"elementor-widget-container\">\n\t\t\t\t\t<h2 class=\"elementor-heading-title elementor-size-default\">Culture as encounter, not consumption<\/h2>\t\t\t\t<\/div>\n\t\t\t\t<\/div>\n\t\t\t\t<div class=\"elementor-element elementor-element-30d2b58e elementor-widget-divider--view-line elementor-widget elementor-widget-divider\" data-id=\"30d2b58e\" data-element_type=\"widget\" data-e-type=\"widget\" data-widget_type=\"divider.default\">\n\t\t\t\t<div class=\"elementor-widget-container\">\n\t\t\t\t\t\t\t<div class=\"elementor-divider\">\n\t\t\t<span class=\"elementor-divider-separator\">\n\t\t\t\t\t\t<\/span>\n\t\t<\/div>\n\t\t\t\t\t\t<\/div>\n\t\t\t\t<\/div>\n\t\t\t\t<\/div>\n\t\t\t\t\t<\/div>\n\t\t\t\t<\/div>\n\t\t<div class=\"elementor-element elementor-element-d1efe4e e-flex e-con-boxed e-con e-parent\" data-id=\"d1efe4e\" data-element_type=\"container\" data-e-type=\"container\" data-settings=\"{&quot;background_background&quot;:&quot;classic&quot;}\">\n\t\t\t\t\t<div class=\"e-con-inner\">\n\t\t<div class=\"elementor-element elementor-element-4649ed78 e-con-full e-flex e-con e-child\" data-id=\"4649ed78\" data-element_type=\"container\" data-e-type=\"container\" data-settings=\"{&quot;background_background&quot;:&quot;classic&quot;}\">\n\t\t\t\t<div class=\"elementor-element elementor-element-12c5e9da elementor-widget elementor-widget-text-editor\" data-id=\"12c5e9da\" data-element_type=\"widget\" data-e-type=\"widget\" data-widget_type=\"text-editor.default\">\n\t\t\t\t<div class=\"elementor-widget-container\">\n\t\t\t\t\t\t\t\t\t<h3>Culture as a catalyst for change<\/h3>\t\t\t\t\t\t\t\t<\/div>\n\t\t\t\t<\/div>\n\t\t\t\t<div class=\"elementor-element elementor-element-6d2b928c elementor-widget-divider--view-line elementor-widget elementor-widget-divider\" data-id=\"6d2b928c\" data-element_type=\"widget\" data-e-type=\"widget\" data-widget_type=\"divider.default\">\n\t\t\t\t<div class=\"elementor-widget-container\">\n\t\t\t\t\t\t\t<div class=\"elementor-divider\">\n\t\t\t<span class=\"elementor-divider-separator\">\n\t\t\t\t\t\t<\/span>\n\t\t<\/div>\n\t\t\t\t\t\t<\/div>\n\t\t\t\t<\/div>\n\t\t\t\t<div class=\"elementor-element elementor-element-d73f71e elementor-widget elementor-widget-text-editor\" data-id=\"d73f71e\" data-element_type=\"widget\" data-e-type=\"widget\" data-widget_type=\"text-editor.default\">\n\t\t\t\t<div class=\"elementor-widget-container\">\n\t\t\t\t\t\t\t\t\t\nMITTIMAGLEHEM is shaped by a shared belief: that art and conversation can be a place for meaning, reflection, and human growth in a complex time.\n<ul>\n \t<li>Art Space emerges as a space for presence and authenticity<\/li>\n \t<li>Not culture as consumption, but as an opportunity for reflection<\/li>\n \t<li>The boundary between audience and artist is intentionally porous<\/li>\n \t<li>Good conversations create energy, curiosity, and a desire to understand<\/li>\n \t<li>Reflection is essential to making sense of our time<\/li>\n<\/ul>\t\t\t\t\t\t\t\t<\/div>\n\t\t\t\t<\/div>\n\t\t\t\t<\/div>\n\t\t\t\t\t<\/div>\n\t\t\t\t<\/div>\n\t\t<div class=\"elementor-element elementor-element-5782858d e-flex e-con-boxed e-con e-parent\" data-id=\"5782858d\" data-element_type=\"container\" data-e-type=\"container\" data-settings=\"{&quot;background_background&quot;:&quot;classic&quot;}\">\n\t\t\t\t\t<div class=\"e-con-inner\">\n\t\t<div class=\"elementor-element elementor-element-4c44e27 e-con-full e-flex e-con e-child\" data-id=\"4c44e27\" data-element_type=\"container\" data-e-type=\"container\" data-settings=\"{&quot;background_background&quot;:&quot;classic&quot;}\">\n\t\t\t\t<div class=\"elementor-element elementor-element-71eb94 elementor-widget elementor-widget-text-editor\" data-id=\"71eb94\" data-element_type=\"widget\" data-e-type=\"widget\" data-widget_type=\"text-editor.default\">\n\t\t\t\t<div class=\"elementor-widget-container\">\n\t\t\t\t\t\t\t\t\t<blockquote style=\"max-width: 900px; margin: 40px auto; text-align: center; font-size: clamp(20px, 4vw, 34px); line-height: 1.5; font-style: italic; color: #8f2c1f; font-family: Georgia, 'Times New Roman', serif; padding: 0 16px;\">\n\u201cHere, there is also space for what cannot always be explained\u2014reflection, inner movement, and conversations on life\u2019s deeper questions.\u201d<\/blockquote>\t\t\t\t\t\t\t\t<\/div>\n\t\t\t\t<\/div>\n\t\t\t\t<\/div>\n\t\t\t\t\t<\/div>\n\t\t\t\t<\/div>\n\t\t<div class=\"elementor-element elementor-element-3859596 e-flex e-con-boxed e-con e-parent\" data-id=\"3859596\" data-element_type=\"container\" data-e-type=\"container\">\n\t\t\t\t\t<div class=\"e-con-inner\">\n\t\t<div class=\"elementor-element elementor-element-e382068 e-con-full e-flex e-con e-child\" data-id=\"e382068\" data-element_type=\"container\" data-e-type=\"container\">\n\t\t\t\t<div class=\"elementor-element elementor-element-5fe89e7 elementor-widget elementor-widget-heading\" data-id=\"5fe89e7\" data-element_type=\"widget\" data-e-type=\"widget\" data-widget_type=\"heading.default\">\n\t\t\t\t<div class=\"elementor-widget-container\">\n\t\t\t\t\t<h3 class=\"elementor-heading-title elementor-size-default\">Utdrag fr\u00e5n v\u00e5r g\u00e4stbok<\/h3>\t\t\t\t<\/div>\n\t\t\t\t<\/div>\n\t\t\t\t<\/div>\n\t\t<div class=\"elementor-element elementor-element-6e0157a e-con-full e-flex e-con e-child\" data-id=\"6e0157a\" data-element_type=\"container\" data-e-type=\"container\" data-settings=\"{&quot;background_background&quot;:&quot;classic&quot;}\">\n\t\t\t\t<div class=\"elementor-element elementor-element-bfed290 elementor-testimonial--skin-default elementor-testimonial--layout-image_inline elementor-testimonial--align-center elementor-arrows-yes elementor-pagination-type-bullets elementor-widget elementor-widget-testimonial-carousel\" data-id=\"bfed290\" data-element_type=\"widget\" data-e-type=\"widget\" data-settings=\"{&quot;show_arrows&quot;:&quot;yes&quot;,&quot;pagination&quot;:&quot;bullets&quot;,&quot;speed&quot;:500,&quot;autoplay&quot;:&quot;yes&quot;,&quot;autoplay_speed&quot;:5000,&quot;loop&quot;:&quot;yes&quot;,&quot;pause_on_hover&quot;:&quot;yes&quot;,&quot;pause_on_interaction&quot;:&quot;yes&quot;,&quot;space_between&quot;:{&quot;unit&quot;:&quot;px&quot;,&quot;size&quot;:10,&quot;sizes&quot;:[]},&quot;space_between_tablet&quot;:{&quot;unit&quot;:&quot;px&quot;,&quot;size&quot;:10,&quot;sizes&quot;:[]},&quot;space_between_mobile&quot;:{&quot;unit&quot;:&quot;px&quot;,&quot;size&quot;:10,&quot;sizes&quot;:[]}}\" data-widget_type=\"testimonial-carousel.default\">\n\t\t\t\t<div class=\"elementor-widget-container\">\n\t\t\t\t\t\t\t\t\t<div class=\"elementor-swiper\">\n\t\t\t\t\t<div class=\"elementor-main-swiper swiper\" role=\"region\" aria-roledescription=\"carousel\" aria-label=\"Bildspel\">\n\t\t\t\t<div class=\"swiper-wrapper\">\n\t\t\t\t\t\t\t\t\t\t\t<div class=\"swiper-slide\" role=\"group\" aria-roledescription=\"slide\">\n\t\t\t\t\t\t\t\t\t<div class=\"elementor-testimonial\">\n\t\t\t\t\t\t\t<div class=\"elementor-testimonial__content\">\n\t\t\t\t\t<div class=\"elementor-testimonial__text\">\n\t\t\t\t\t\tTusen miljoner tack! Fantastiskt att lyssna, det gick f\u00f6r snabbt bara\u2026\u00a0 tiden. Tack\t\t\t\t\t<\/div>\n\t\t\t\t\t\t\t\t\t<\/div>\n\t\t\t\t\t\t<div class=\"elementor-testimonial__footer\">\n\t\t\t\t\t\t\t\t<cite class=\"elementor-testimonial__cite\"><span class=\"elementor-testimonial__name\">Erik<\/span><span class=\"elementor-testimonial__title\">Bes\u00f6kare<\/span><\/cite>\t\t\t<\/div>\n\t\t<\/div>\n\t\t\t\t\t\t\t\t<\/div>\n\t\t\t\t\t\t\t\t\t\t\t<div class=\"swiper-slide\" role=\"group\" aria-roledescription=\"slide\">\n\t\t\t\t\t\t\t\t\t<div class=\"elementor-testimonial\">\n\t\t\t\t\t\t\t<div class=\"elementor-testimonial__content\">\n\t\t\t\t\t<div class=\"elementor-testimonial__text\">\n\t\t\t\t\t\tTacksam f\u00f6r m\u00f6jligheten att stanna upp, vara n\u00e4rvarande och k\u00e4nna livet inom mig.\t\t\t\t\t<\/div>\n\t\t\t\t\t\t\t\t\t<\/div>\n\t\t\t\t\t\t<div class=\"elementor-testimonial__footer\">\n\t\t\t\t\t\t\t\t<cite class=\"elementor-testimonial__cite\"><span class=\"elementor-testimonial__name\">Rebecca<\/span><span class=\"elementor-testimonial__title\">Bes\u00f6kare<\/span><\/cite>\t\t\t<\/div>\n\t\t<\/div>\n\t\t\t\t\t\t\t\t<\/div>\n\t\t\t\t\t\t\t\t\t<\/div>\n\t\t\t\t\t\t\t\t\t\t\t\t\t\t\t<div class=\"elementor-swiper-button elementor-swiper-button-prev\" role=\"button\" tabindex=\"0\" aria-label=\"F\u00f6reg\u00e5ende\">\n\t\t\t\t\t\t\t<i aria-hidden=\"true\" class=\"eicon-chevron-left\"><\/i>\t\t\t\t\t\t<\/div>\n\t\t\t\t\t\t<div class=\"elementor-swiper-button elementor-swiper-button-next\" role=\"button\" tabindex=\"0\" aria-label=\"N\u00e4sta\">\n\t\t\t\t\t\t\t<i aria-hidden=\"true\" class=\"eicon-chevron-right\"><\/i>\t\t\t\t\t\t<\/div>\n\t\t\t\t\t\t\t\t\t\t\t\t\t\t\t\t<div class=\"swiper-pagination\"><\/div>\n\t\t\t\t\t\t\t\t\t\t\t\t<\/div>\n\t\t\t\t<\/div>\n\t\t\t\t\t\t\t\t<\/div>\n\t\t\t\t<\/div>\n\t\t\t\t<\/div>\n\t\t\t\t\t<\/div>\n\t\t\t\t<\/div>\n\t\t<div class=\"elementor-element elementor-element-6fabc7e e-flex e-con-boxed e-con e-parent\" data-id=\"6fabc7e\" data-element_type=\"container\" data-e-type=\"container\">\n\t\t\t\t\t<div class=\"e-con-inner\">\n\t\t\t\t<div class=\"elementor-element elementor-element-cc4fcfd elementor-widget elementor-widget-spacer\" data-id=\"cc4fcfd\" data-element_type=\"widget\" data-e-type=\"widget\" data-widget_type=\"spacer.default\">\n\t\t\t\t<div class=\"elementor-widget-container\">\n\t\t\t\t\t\t\t<div class=\"elementor-spacer\">\n\t\t\t<div class=\"elementor-spacer-inner\"><\/div>\n\t\t<\/div>\n\t\t\t\t\t\t<\/div>\n\t\t\t\t<\/div>\n\t\t\t\t\t<\/div>\n\t\t\t\t<\/div>\n\t\t\t\t<\/div>","protected":false},"excerpt":{"rendered":"<p>n\u00e5gra ord Om oss Kulturen som m\u00f6te, inte konsumtion Kultur som h\u00e4vst\u00e5ng f\u00f6r f\u00f6r\u00e4ndring MITTIMAGLEHEM formas ur en gemensam \u00f6vertygelse: att konst och samtal kan vara en plats f\u00f6r mening, eftertanke och m\u00e4nsklig utveckling i en komplex tid. ArtSpace v\u00e4xer fram som en arena f\u00f6r n\u00e4rvaro och autenticitet Inte kultur som konsumtion, utan som m\u00f6jlighet [&hellip;]<\/p>\n","protected":false},"author":1,"featured_media":832,"parent":0,"menu_order":0,"comment_status":"closed","ping_status":"closed","template":"","meta":{"site-sidebar-layout":"no-sidebar","site-content-layout":"page-builder","ast-site-content-layout":"full-width-container","site-content-style":"default","site-sidebar-style":"default","ast-global-header-display":"","ast-banner-title-visibility":"","ast-main-header-display":"","ast-hfb-above-header-display":"","ast-hfb-below-header-display":"","ast-hfb-mobile-header-display":"","site-post-title":"disabled","ast-breadcrumbs-content":"","ast-featured-img":"disabled","footer-sml-layout":"","ast-disable-related-posts":"","theme-transparent-header-meta":"","adv-header-id-meta":"","stick-header-meta":"","header-above-stick-meta":"","header-main-stick-meta":"","header-below-stick-meta":"","astra-migrate-meta-layouts":"set","ast-page-background-enabled":"default","ast-page-background-meta":{"desktop":{"background-color":"","background-image":"","background-repeat":"repeat","background-position":"center center","background-size":"auto","background-attachment":"scroll","background-type":"","background-media":"","overlay-type":"","overlay-color":"","overlay-opacity":"","overlay-gradient":""},"tablet":{"background-color":"","background-image":"","background-repeat":"repeat","background-position":"center center","background-size":"auto","background-attachment":"scroll","background-type":"","background-media":"","overlay-type":"","overlay-color":"","overlay-opacity":"","overlay-gradient":""},"mobile":{"background-color":"","background-image":"","background-repeat":"repeat","background-position":"center center","background-size":"auto","background-attachment":"scroll","background-type":"","background-media":"","overlay-type":"","overlay-color":"","overlay-opacity":"","overlay-gradient":""}},"ast-content-background-meta":{"desktop":{"background-color":"var(--ast-global-color-5)","background-image":"","background-repeat":"repeat","background-position":"center center","background-size":"auto","background-attachment":"scroll","background-type":"","background-media":"","overlay-type":"","overlay-color":"","overlay-opacity":"","overlay-gradient":""},"tablet":{"background-color":"var(--ast-global-color-5)","background-image":"","background-repeat":"repeat","background-position":"center center","background-size":"auto","background-attachment":"scroll","background-type":"","background-media":"","overlay-type":"","overlay-color":"","overlay-opacity":"","overlay-gradient":""},"mobile":{"background-color":"var(--ast-global-color-5)","background-image":"","background-repeat":"repeat","background-position":"center center","background-size":"auto","background-attachment":"scroll","background-type":"","background-media":"","overlay-type":"","overlay-color":"","overlay-opacity":"","overlay-gradient":""}},"footnotes":""},"class_list":["post-1377","page","type-page","status-publish","has-post-thumbnail","hentry"],"yoast_head":"<!-- This site is optimized with the Yoast SEO plugin v27.3 - https:\/\/yoast.com\/product\/yoast-seo-wordpress\/ -->\n<title>Om v\u00e5rt Art Space i Maglehem \u2013 MITTIMAGLEHEM<\/title>\n<meta name=\"description\" content=\"Uppt\u00e4ck MITTIMAGLEHEM \u2013 ett art space i Maglehem d\u00e4r konst, samtal och eftertanke skapar en levande plats f\u00f6r kultur och gemenskap.\" \/>\n<meta name=\"robots\" content=\"index, follow, max-snippet:-1, max-image-preview:large, max-video-preview:-1\" \/>\n<link rel=\"canonical\" href=\"https:\/\/mittimaglehem.se\/en\/om-oss\/\" \/>\n<meta property=\"og:locale\" content=\"en_GB\" \/>\n<meta property=\"og:type\" content=\"article\" \/>\n<meta property=\"og:title\" content=\"Om v\u00e5rt Art Space i Maglehem \u2013 MITTIMAGLEHEM\" \/>\n<meta property=\"og:description\" content=\"Uppt\u00e4ck MITTIMAGLEHEM \u2013 ett art space i Maglehem d\u00e4r konst, samtal och eftertanke skapar en levande plats f\u00f6r kultur och gemenskap.\" \/>\n<meta property=\"og:url\" content=\"https:\/\/mittimaglehem.se\/en\/om-oss\/\" \/>\n<meta property=\"og:site_name\" content=\"MITTIMAGLEHEM\" \/>\n<meta property=\"article:modified_time\" content=\"2026-04-01T13:31:48+00:00\" \/>\n<meta property=\"og:image\" content=\"https:\/\/mittimaglehem.se\/wp-content\/uploads\/2026\/02\/Japan_Lars-Cederholm-RW-2397-1-scaled.jpg\" \/>\n\t<meta property=\"og:image:width\" content=\"1707\" \/>\n\t<meta property=\"og:image:height\" content=\"2560\" \/>\n\t<meta property=\"og:image:type\" content=\"image\/jpeg\" \/>\n<meta name=\"twitter:card\" content=\"summary_large_image\" \/>\n<meta name=\"twitter:label1\" content=\"Estimated reading time\" \/>\n\t<meta name=\"twitter:data1\" content=\"1 minute\" \/>\n<script type=\"application\/ld+json\" class=\"yoast-schema-graph\">{\"@context\":\"https:\\\/\\\/schema.org\",\"@graph\":[{\"@type\":\"WebPage\",\"@id\":\"https:\\\/\\\/mittimaglehem.se\\\/om-oss\\\/\",\"url\":\"https:\\\/\\\/mittimaglehem.se\\\/om-oss\\\/\",\"name\":\"Om v\u00e5rt Art Space i Maglehem \u2013 MITTIMAGLEHEM\",\"isPartOf\":{\"@id\":\"https:\\\/\\\/mittimaglehem.se\\\/#website\"},\"primaryImageOfPage\":{\"@id\":\"https:\\\/\\\/mittimaglehem.se\\\/om-oss\\\/#primaryimage\"},\"image\":{\"@id\":\"https:\\\/\\\/mittimaglehem.se\\\/om-oss\\\/#primaryimage\"},\"thumbnailUrl\":\"https:\\\/\\\/mittimaglehem.se\\\/wp-content\\\/uploads\\\/2026\\\/02\\\/Japan_Lars-Cederholm-RW-2397-1-scaled.jpg\",\"datePublished\":\"2026-03-25T10:03:41+00:00\",\"dateModified\":\"2026-04-01T13:31:48+00:00\",\"description\":\"Uppt\u00e4ck MITTIMAGLEHEM \u2013 ett art space i Maglehem d\u00e4r konst, samtal och eftertanke skapar en levande plats f\u00f6r kultur och gemenskap.\",\"breadcrumb\":{\"@id\":\"https:\\\/\\\/mittimaglehem.se\\\/om-oss\\\/#breadcrumb\"},\"inLanguage\":\"en-GB\",\"potentialAction\":[{\"@type\":\"ReadAction\",\"target\":[\"https:\\\/\\\/mittimaglehem.se\\\/om-oss\\\/\"]}]},{\"@type\":\"ImageObject\",\"inLanguage\":\"en-GB\",\"@id\":\"https:\\\/\\\/mittimaglehem.se\\\/om-oss\\\/#primaryimage\",\"url\":\"https:\\\/\\\/mittimaglehem.se\\\/wp-content\\\/uploads\\\/2026\\\/02\\\/Japan_Lars-Cederholm-RW-2397-1-scaled.jpg\",\"contentUrl\":\"https:\\\/\\\/mittimaglehem.se\\\/wp-content\\\/uploads\\\/2026\\\/02\\\/Japan_Lars-Cederholm-RW-2397-1-scaled.jpg\",\"width\":1707,\"height\":2560,\"caption\":\"japan lars cederholm rw 2397 (1)\"},{\"@type\":\"BreadcrumbList\",\"@id\":\"https:\\\/\\\/mittimaglehem.se\\\/om-oss\\\/#breadcrumb\",\"itemListElement\":[{\"@type\":\"ListItem\",\"position\":1,\"name\":\"Hem\",\"item\":\"https:\\\/\\\/mittimaglehem.se\\\/\"},{\"@type\":\"ListItem\",\"position\":2,\"name\":\"Om oss\"}]},{\"@type\":\"WebSite\",\"@id\":\"https:\\\/\\\/mittimaglehem.se\\\/#website\",\"url\":\"https:\\\/\\\/mittimaglehem.se\\\/\",\"name\":\"MITTIMAGLEHEM\",\"description\":\"\",\"publisher\":{\"@id\":\"https:\\\/\\\/mittimaglehem.se\\\/#organization\"},\"potentialAction\":[{\"@type\":\"SearchAction\",\"target\":{\"@type\":\"EntryPoint\",\"urlTemplate\":\"https:\\\/\\\/mittimaglehem.se\\\/?s={search_term_string}\"},\"query-input\":{\"@type\":\"PropertyValueSpecification\",\"valueRequired\":true,\"valueName\":\"search_term_string\"}}],\"inLanguage\":\"en-GB\"},{\"@type\":\"Organization\",\"@id\":\"https:\\\/\\\/mittimaglehem.se\\\/#organization\",\"name\":\"MITTIMAGLEHEM\",\"url\":\"https:\\\/\\\/mittimaglehem.se\\\/\",\"logo\":{\"@type\":\"ImageObject\",\"inLanguage\":\"en-GB\",\"@id\":\"https:\\\/\\\/mittimaglehem.se\\\/#\\\/schema\\\/logo\\\/image\\\/\",\"url\":\"https:\\\/\\\/mittimaglehem.se\\\/wp-content\\\/uploads\\\/2026\\\/02\\\/cropped-Logo-farg-1-1.png\",\"contentUrl\":\"https:\\\/\\\/mittimaglehem.se\\\/wp-content\\\/uploads\\\/2026\\\/02\\\/cropped-Logo-farg-1-1.png\",\"width\":1918,\"height\":1080,\"caption\":\"MITTIMAGLEHEM\"},\"image\":{\"@id\":\"https:\\\/\\\/mittimaglehem.se\\\/#\\\/schema\\\/logo\\\/image\\\/\"}}]}<\/script>\n<!-- \/ Yoast SEO plugin. -->","yoast_head_json":{"title":"Om v\u00e5rt Art Space i Maglehem \u2013 MITTIMAGLEHEM","description":"Uppt\u00e4ck MITTIMAGLEHEM \u2013 ett art space i Maglehem d\u00e4r konst, samtal och eftertanke skapar en levande plats f\u00f6r kultur och gemenskap.","robots":{"index":"index","follow":"follow","max-snippet":"max-snippet:-1","max-image-preview":"max-image-preview:large","max-video-preview":"max-video-preview:-1"},"canonical":"https:\/\/mittimaglehem.se\/en\/om-oss\/","og_locale":"en_GB","og_type":"article","og_title":"Om v\u00e5rt Art Space i Maglehem \u2013 MITTIMAGLEHEM","og_description":"Uppt\u00e4ck MITTIMAGLEHEM \u2013 ett art space i Maglehem d\u00e4r konst, samtal och eftertanke skapar en levande plats f\u00f6r kultur och gemenskap.","og_url":"https:\/\/mittimaglehem.se\/en\/om-oss\/","og_site_name":"MITTIMAGLEHEM","article_modified_time":"2026-04-01T13:31:48+00:00","og_image":[{"width":1707,"height":2560,"url":"https:\/\/mittimaglehem.se\/wp-content\/uploads\/2026\/02\/Japan_Lars-Cederholm-RW-2397-1-scaled.jpg","type":"image\/jpeg"}],"twitter_card":"summary_large_image","twitter_misc":{"Estimated reading time":"1 minute"},"schema":{"@context":"https:\/\/schema.org","@graph":[{"@type":"WebPage","@id":"https:\/\/mittimaglehem.se\/om-oss\/","url":"https:\/\/mittimaglehem.se\/om-oss\/","name":"Om v\u00e5rt Art Space i Maglehem \u2013 MITTIMAGLEHEM","isPartOf":{"@id":"https:\/\/mittimaglehem.se\/#website"},"primaryImageOfPage":{"@id":"https:\/\/mittimaglehem.se\/om-oss\/#primaryimage"},"image":{"@id":"https:\/\/mittimaglehem.se\/om-oss\/#primaryimage"},"thumbnailUrl":"https:\/\/mittimaglehem.se\/wp-content\/uploads\/2026\/02\/Japan_Lars-Cederholm-RW-2397-1-scaled.jpg","datePublished":"2026-03-25T10:03:41+00:00","dateModified":"2026-04-01T13:31:48+00:00","description":"Uppt\u00e4ck MITTIMAGLEHEM \u2013 ett art space i Maglehem d\u00e4r konst, samtal och eftertanke skapar en levande plats f\u00f6r kultur och gemenskap.","breadcrumb":{"@id":"https:\/\/mittimaglehem.se\/om-oss\/#breadcrumb"},"inLanguage":"en-GB","potentialAction":[{"@type":"ReadAction","target":["https:\/\/mittimaglehem.se\/om-oss\/"]}]},{"@type":"ImageObject","inLanguage":"en-GB","@id":"https:\/\/mittimaglehem.se\/om-oss\/#primaryimage","url":"https:\/\/mittimaglehem.se\/wp-content\/uploads\/2026\/02\/Japan_Lars-Cederholm-RW-2397-1-scaled.jpg","contentUrl":"https:\/\/mittimaglehem.se\/wp-content\/uploads\/2026\/02\/Japan_Lars-Cederholm-RW-2397-1-scaled.jpg","width":1707,"height":2560,"caption":"japan lars cederholm rw 2397 (1)"},{"@type":"BreadcrumbList","@id":"https:\/\/mittimaglehem.se\/om-oss\/#breadcrumb","itemListElement":[{"@type":"ListItem","position":1,"name":"Hem","item":"https:\/\/mittimaglehem.se\/"},{"@type":"ListItem","position":2,"name":"Om oss"}]},{"@type":"WebSite","@id":"https:\/\/mittimaglehem.se\/#website","url":"https:\/\/mittimaglehem.se\/","name":"MITTIMAGLEHEM","description":"","publisher":{"@id":"https:\/\/mittimaglehem.se\/#organization"},"potentialAction":[{"@type":"SearchAction","target":{"@type":"EntryPoint","urlTemplate":"https:\/\/mittimaglehem.se\/?s={search_term_string}"},"query-input":{"@type":"PropertyValueSpecification","valueRequired":true,"valueName":"search_term_string"}}],"inLanguage":"en-GB"},{"@type":"Organization","@id":"https:\/\/mittimaglehem.se\/#organization","name":"MITTIMAGLEHEM","url":"https:\/\/mittimaglehem.se\/","logo":{"@type":"ImageObject","inLanguage":"en-GB","@id":"https:\/\/mittimaglehem.se\/#\/schema\/logo\/image\/","url":"https:\/\/mittimaglehem.se\/wp-content\/uploads\/2026\/02\/cropped-Logo-farg-1-1.png","contentUrl":"https:\/\/mittimaglehem.se\/wp-content\/uploads\/2026\/02\/cropped-Logo-farg-1-1.png","width":1918,"height":1080,"caption":"MITTIMAGLEHEM"},"image":{"@id":"https:\/\/mittimaglehem.se\/#\/schema\/logo\/image\/"}}]}},"_links":{"self":[{"href":"https:\/\/mittimaglehem.se\/en\/wp-json\/wp\/v2\/pages\/1377","targetHints":{"allow":["GET"]}}],"collection":[{"href":"https:\/\/mittimaglehem.se\/en\/wp-json\/wp\/v2\/pages"}],"about":[{"href":"https:\/\/mittimaglehem.se\/en\/wp-json\/wp\/v2\/types\/page"}],"author":[{"embeddable":true,"href":"https:\/\/mittimaglehem.se\/en\/wp-json\/wp\/v2\/users\/1"}],"replies":[{"embeddable":true,"href":"https:\/\/mittimaglehem.se\/en\/wp-json\/wp\/v2\/comments?post=1377"}],"version-history":[{"count":29,"href":"https:\/\/mittimaglehem.se\/en\/wp-json\/wp\/v2\/pages\/1377\/revisions"}],"predecessor-version":[{"id":1483,"href":"https:\/\/mittimaglehem.se\/en\/wp-json\/wp\/v2\/pages\/1377\/revisions\/1483"}],"wp:featuredmedia":[{"embeddable":true,"href":"https:\/\/mittimaglehem.se\/en\/wp-json\/wp\/v2\/media\/832"}],"wp:attachment":[{"href":"https:\/\/mittimaglehem.se\/en\/wp-json\/wp\/v2\/media?parent=1377"}],"curies":[{"name":"wp","href":"https:\/\/api.w.org\/{rel}","templated":true}]}}